{"id":81,"date":"2024-02-14T16:01:48","date_gmt":"2024-02-14T16:01:48","guid":{"rendered":"https:\/\/expotatuajemedellin.com\/?page_id=81"},"modified":"2025-05-05T16:55:04","modified_gmt":"2025-05-05T16:55:04","slug":"contacto","status":"publish","type":"page","link":"https:\/\/expotatuajemedellin.com\/index.php\/contacto\/","title":{"rendered":"Contacto"},"content":{"rendered":"\t\t<div data-elementor-type=\"wp-page\" data-elementor-id=\"81\" class=\"elementor elementor-81\" data-elementor-post-type=\"page\">\n\t\t\t\t<div class=\"elementor-element elementor-element-271a0e5 e-flex e-con-boxed e-con e-parent\" data-id=\"271a0e5\" data-element_type=\"container\" data-e-type=\"container\">\n\t\t\t\t\t<div class=\"e-con-inner\">\n\t\t\t\t<div class=\"elementor-element elementor-element-66325b8 elementor-widget elementor-widget-image\" data-id=\"66325b8\" data-element_type=\"widget\" data-e-type=\"widget\" data-settings=\"{&quot;_animation_mobile&quot;:&quot;bounceInDown&quot;,&quot;_animation&quot;:&quot;none&quot;}\" data-widget_type=\"image.default\">\n\t\t\t\t<div class=\"elementor-widget-container\">\n\t\t\t\t\t\t\t\t\t\t\t\t\t\t\t<img fetchpriority=\"high\" decoding=\"async\" width=\"639\" height=\"201\" src=\"https:\/\/expotatuajemedellin.com\/wp-content\/uploads\/2025\/01\/img-titulo-contacto.webp\" class=\"attachment-large size-large wp-image-3069\" alt=\"\" srcset=\"https:\/\/expotatuajemedellin.com\/wp-content\/uploads\/2025\/01\/img-titulo-contacto.webp 639w, https:\/\/expotatuajemedellin.com\/wp-content\/uploads\/2025\/01\/img-titulo-contacto-300x94.webp 300w\" sizes=\"(max-width: 639px) 100vw, 639px\" \/>\t\t\t\t\t\t\t\t\t\t\t\t\t\t\t<\/div>\n\t\t\t\t<\/div>\n\t\t\t\t\t<\/div>\n\t\t\t\t<\/div>\n\t\t<div class=\"elementor-element elementor-element-7bded8f e-flex e-con-boxed e-con e-parent\" data-id=\"7bded8f\" data-element_type=\"container\" data-e-type=\"container\">\n\t\t\t\t\t<div class=\"e-con-inner\">\n\t\t\t\t<div class=\"elementor-element elementor-element-1cd87a2 elementor-widget elementor-widget-image\" data-id=\"1cd87a2\" data-element_type=\"widget\" data-e-type=\"widget\" data-settings=\"{&quot;_animation&quot;:&quot;none&quot;}\" data-widget_type=\"image.default\">\n\t\t\t\t<div class=\"elementor-widget-container\">\n\t\t\t\t\t\t\t\t\t\t\t\t\t\t\t\t<a href=\"https:\/\/www.instagram.com\/expotatuajemedellin\/?hl=es\">\n\t\t\t\t\t\t\t<img decoding=\"async\" width=\"768\" height=\"971\" src=\"https:\/\/expotatuajemedellin.com\/wp-content\/uploads\/2024\/03\/img-perfspider-46-768x971.jpg\" class=\"attachment-medium_large size-medium_large wp-image-2108\" alt=\"\" srcset=\"https:\/\/expotatuajemedellin.com\/wp-content\/uploads\/2024\/03\/img-perfspider-46-768x971.jpg 768w, https:\/\/expotatuajemedellin.com\/wp-content\/uploads\/2024\/03\/img-perfspider-46-237x300.jpg 237w, https:\/\/expotatuajemedellin.com\/wp-content\/uploads\/2024\/03\/img-perfspider-46-810x1024.jpg 810w, https:\/\/expotatuajemedellin.com\/wp-content\/uploads\/2024\/03\/img-perfspider-46-1215x1536.jpg 1215w, https:\/\/expotatuajemedellin.com\/wp-content\/uploads\/2024\/03\/img-perfspider-46.jpg 1360w\" sizes=\"(max-width: 768px) 100vw, 768px\" \/>\t\t\t\t\t\t\t\t<\/a>\n\t\t\t\t\t\t\t\t\t\t\t\t\t\t\t<\/div>\n\t\t\t\t<\/div>\n\t\t\t\t\t<\/div>\n\t\t\t\t<\/div>\n\t\t<div class=\"elementor-element elementor-element-36bf47e e-flex e-con-boxed e-con e-parent\" data-id=\"36bf47e\" data-element_type=\"container\" data-e-type=\"container\">\n\t\t\t\t\t<div class=\"e-con-inner\">\n\t\t\t\t<div class=\"elementor-element elementor-element-d03ed45 elementor-invisible elementor-widget elementor-widget-image\" data-id=\"d03ed45\" data-element_type=\"widget\" data-e-type=\"widget\" data-settings=\"{&quot;_animation&quot;:&quot;pulse&quot;}\" data-widget_type=\"image.default\">\n\t\t\t\t<div class=\"elementor-widget-container\">\n\t\t\t\t\t\t\t\t\t\t\t\t\t\t\t<img decoding=\"async\" width=\"460\" height=\"334\" src=\"https:\/\/expotatuajemedellin.com\/wp-content\/uploads\/2024\/03\/logo_07-1.png\" class=\"attachment-large size-large wp-image-2110\" alt=\"\" srcset=\"https:\/\/expotatuajemedellin.com\/wp-content\/uploads\/2024\/03\/logo_07-1.png 460w, https:\/\/expotatuajemedellin.com\/wp-content\/uploads\/2024\/03\/logo_07-1-300x218.png 300w\" sizes=\"(max-width: 460px) 100vw, 460px\" \/>\t\t\t\t\t\t\t\t\t\t\t\t\t\t\t<\/div>\n\t\t\t\t<\/div>\n\t\t\t\t\t<\/div>\n\t\t\t\t<\/div>\n\t\t<div class=\"elementor-element elementor-element-5d7d854 e-flex e-con-boxed e-con e-parent\" data-id=\"5d7d854\" data-element_type=\"container\" data-e-type=\"container\">\n\t\t\t\t\t<div class=\"e-con-inner\">\n\t\t\t\t<div class=\"elementor-element elementor-element-300109c elementor-widget elementor-widget-spacer\" data-id=\"300109c\" data-element_type=\"widget\" data-e-type=\"widget\" data-widget_type=\"spacer.default\">\n\t\t\t\t<div class=\"elementor-widget-container\">\n\t\t\t\t\t\t\t<div class=\"elementor-spacer\">\n\t\t\t<div class=\"elementor-spacer-inner\"><\/div>\n\t\t<\/div>\n\t\t\t\t\t\t<\/div>\n\t\t\t\t<\/div>\n\t\t\t\t\t<\/div>\n\t\t\t\t<\/div>\n\t\t<div class=\"elementor-element elementor-element-d23194e e-flex e-con-boxed e-con e-parent\" data-id=\"d23194e\" data-element_type=\"container\" data-e-type=\"container\">\n\t\t\t\t\t<div class=\"e-con-inner\">\n\t\t\t\t<div class=\"elementor-element elementor-element-e5de1cf elementor-invisible elementor-widget elementor-widget-text-editor\" data-id=\"e5de1cf\" data-element_type=\"widget\" data-e-type=\"widget\" data-settings=\"{&quot;_animation&quot;:&quot;pulse&quot;}\" data-widget_type=\"text-editor.default\">\n\t\t\t\t<div class=\"elementor-widget-container\">\n\t\t\t\t\t\t\t\t\t<p class=\"has-nv-site-bg-color has-text-color has-link-color wp-elements-9fd1002ae39130d6edd8ec289ff681d5\">Por el a\u00f1o 2009 Luis Alejandro P\u00e1ez @<a href=\"https:\/\/www.instagram.com\/AlejoSpiderman\">AlejoSpiderman<\/a>\u00a0director de\u00a0<a href=\"https:\/\/www.instagram.com\/Spidercrewtattoo\">Spider Crew<\/a>, la primer persona que organiz\u00f3 un evento de tatuajes en la republica de Colombia, realizador tambi\u00e9n de la\u00a0<a href=\"https:\/\/www.instagram.com\/expotatuajebogota\">convenci\u00f3n internacional de tatuadores de Bogot\u00e1<\/a>\u00a0en a\u00f1os anteriores, percibi\u00f3 la calidad art\u00edstica y sobre todo la del gremio del tatuaje en la ciudad de Medell\u00edn Antioquia lugar donde las infraestructuras, el factor clima, la calidad humana y las condiciones se prestaban para llevar a cabo eventos de Gran Calibre.<\/p><p class=\"has-nv-site-bg-color has-text-color has-link-color wp-elements-9fd1002ae39130d6edd8ec289ff681d5\">Esta ciudad no ten\u00eda una reuni\u00f3n de artistas del Tatuaje d\u00f3nde se dieran cita para exponer su trabajo y sus t\u00e9cnicas, por lo tando debian acudir a Bogot\u00e1 o a eventos en el extranjero.<\/p><p class=\"has-nv-site-bg-color has-text-color has-link-color wp-elements-5c7859f948e5870bca41b4374f551b7b\">De esto nace por parte de Alejo la idea de crear en el mes de octubre del a\u00f1o 2010 la primera edici\u00f3n de la\u00a0<a href=\"https:\/\/www.instagram.com\/expotatuajemedellin\">Expo tatuaje Medell\u00edn<\/a>, Dando cita a una gran cantidad de Tatuadoras y Tatuadores propios de la ciudad, la regi\u00f3n, tambi\u00e9n de otras ciudades del pa\u00eds y del Extranjero, convirtiendo la ExpoTatuaje en un Mega evento de talla internacional donde aparte de los artistas de la Dermograf\u00eda se re\u00fanen tambi\u00e9n Escultores, Pintores, Caricaturistas, M\u00fasicos, Body Paint, BadyMod y dem\u00e1s vertientes del arte.<\/p><p class=\"has-nv-site-bg-color has-text-color has-link-color wp-elements-5c7859f948e5870bca41b4374f551b7b\">Ya son 14 a\u00f1os de este evento en la capital Antioque\u00f1a y te invitamos a asistir y ser parte de su Historia.<\/p>\t\t\t\t\t\t\t\t<\/div>\n\t\t\t\t<\/div>\n\t\t\t\t\t<\/div>\n\t\t\t\t<\/div>\n\t\t<div class=\"elementor-element elementor-element-7e5263d e-flex e-con-boxed e-con e-parent\" data-id=\"7e5263d\" data-element_type=\"container\" data-e-type=\"container\">\n\t\t\t\t\t<div class=\"e-con-inner\">\n\t\t\t\t<div class=\"elementor-element elementor-element-ab61115 elementor-invisible elementor-widget elementor-widget-text-editor\" data-id=\"ab61115\" data-element_type=\"widget\" data-e-type=\"widget\" data-settings=\"{&quot;_animation&quot;:&quot;fadeIn&quot;,&quot;_animation_mobile&quot;:&quot;fadeIn&quot;}\" data-widget_type=\"text-editor.default\">\n\t\t\t\t<div class=\"elementor-widget-container\">\n\t\t\t\t\t\t\t\t\t<p>Para m\u00e1s informaci\u00f3n cont\u00e1ctenos en:<\/p><p><a href=\"mailto:alejotattoo@gmail.com\">alejotattoo@gmail.com<\/a><\/p>\t\t\t\t\t\t\t\t<\/div>\n\t\t\t\t<\/div>\n\t\t\t\t\t<\/div>\n\t\t\t\t<\/div>\n\t\t<div class=\"elementor-element elementor-element-f88b776 e-flex e-con-boxed e-con e-parent\" data-id=\"f88b776\" data-element_type=\"container\" data-e-type=\"container\">\n\t\t\t\t\t<div class=\"e-con-inner\">\n\t\t\t\t<div class=\"elementor-element elementor-element-15822dc elementor-widget elementor-widget-spacer\" data-id=\"15822dc\" data-element_type=\"widget\" data-e-type=\"widget\" data-widget_type=\"spacer.default\">\n\t\t\t\t<div class=\"elementor-widget-container\">\n\t\t\t\t\t\t\t<div class=\"elementor-spacer\">\n\t\t\t<div class=\"elementor-spacer-inner\"><\/div>\n\t\t<\/div>\n\t\t\t\t\t\t<\/div>\n\t\t\t\t<\/div>\n\t\t\t\t\t<\/div>\n\t\t\t\t<\/div>\n\t\t\t\t<\/div>\n\t\t","protected":false},"excerpt":{"rendered":"<p>Por el a\u00f1o 2009 Luis Alejandro P\u00e1ez @AlejoSpiderman\u00a0director de\u00a0Spider Crew, la primer persona que organiz\u00f3 un evento de tatuajes en [&hellip;]<\/p>\n","protected":false},"author":1,"featured_media":0,"parent":0,"menu_order":0,"comment_status":"closed","ping_status":"closed","template":"","meta":{"site-sidebar-layout":"no-sidebar","site-content-layout":"","ast-site-content-layout":"full-width-container","site-content-style":"default","site-sidebar-style":"default","ast-global-header-display":"","ast-banner-title-visibility":"","ast-main-header-display":"","ast-hfb-above-header-display":"","ast-hfb-below-header-display":"","ast-hfb-mobile-header-display":"","site-post-title":"disabled","ast-breadcrumbs-content":"","ast-featured-img":"disabled","footer-sml-layout":"","theme-transparent-header-meta":"","adv-header-id-meta":"","stick-header-meta":"","header-above-stick-meta":"","header-main-stick-meta":"","header-below-stick-meta":"","astra-migrate-meta-layouts":"default","ast-page-background-enabled":"default","ast-page-background-meta":{"desktop":{"background-color":"var(--ast-global-color-4)","background-image":"","background-repeat":"repeat","background-position":"center center","background-size":"auto","background-attachment":"scroll","background-type":"","background-media":"","overlay-type":"","overlay-color":"","overlay-gradient":""},"tablet":{"background-color":"","background-image":"","background-repeat":"repeat","background-position":"center center","background-size":"auto","background-attachment":"scroll","background-type":"","background-media":"","overlay-type":"","overlay-color":"","overlay-gradient":""},"mobile":{"background-color":"","background-image":"","background-repeat":"repeat","background-position":"center center","background-size":"auto","background-attachment":"scroll","background-type":"","background-media":"","overlay-type":"","overlay-color":"","overlay-gradient":""}},"ast-content-background-meta":{"desktop":{"background-color":"var(--ast-global-color-5)","background-image":"","background-repeat":"repeat","background-position":"center center","background-size":"auto","background-attachment":"scroll","background-type":"","background-media":"","overlay-type":"","overlay-color":"","overlay-gradient":""},"tablet":{"background-color":"var(--ast-global-color-5)","background-image":"","background-repeat":"repeat","background-position":"center center","background-size":"auto","background-attachment":"scroll","background-type":"","background-media":"","overlay-type":"","overlay-color":"","overlay-gradient":""},"mobile":{"background-color":"var(--ast-global-color-5)","background-image":"","background-repeat":"repeat","background-position":"center center","background-size":"auto","background-attachment":"scroll","background-type":"","background-media":"","overlay-type":"","overlay-color":"","overlay-gradient":""}},"footnotes":""},"class_list":["post-81","page","type-page","status-publish","hentry"],"yoast_head":"<!-- This site is optimized with the Yoast SEO plugin v25.0 - https:\/\/yoast.com\/wordpress\/plugins\/seo\/ -->\n<title>Contacto -<\/title>\n<meta name=\"robots\" content=\"index, follow, max-snippet:-1, max-image-preview:large, max-video-preview:-1\" \/>\n<link rel=\"canonical\" href=\"https:\/\/expotatuajemedellin.com\/index.php\/contacto\/\" \/>\n<meta property=\"og:locale\" content=\"es_ES\" \/>\n<meta property=\"og:type\" content=\"article\" \/>\n<meta property=\"og:title\" content=\"Contacto -\" \/>\n<meta property=\"og:description\" content=\"Por el a\u00f1o 2009 Luis Alejandro P\u00e1ez @AlejoSpiderman\u00a0director de\u00a0Spider Crew, la primer persona que organiz\u00f3 un evento de tatuajes en [&hellip;]\" \/>\n<meta property=\"og:url\" content=\"https:\/\/expotatuajemedellin.com\/index.php\/contacto\/\" \/>\n<meta property=\"article:modified_time\" content=\"2025-05-05T16:55:04+00:00\" \/>\n<meta property=\"og:image\" content=\"https:\/\/expotatuajemedellin.com\/wp-content\/uploads\/2025\/01\/img-titulo-contacto.webp\" \/>\n\t<meta property=\"og:image:width\" content=\"639\" \/>\n\t<meta property=\"og:image:height\" content=\"201\" \/>\n\t<meta property=\"og:image:type\" content=\"image\/webp\" \/>\n<meta name=\"twitter:card\" content=\"summary_large_image\" \/>\n<meta name=\"twitter:label1\" content=\"Tiempo de lectura\" \/>\n\t<meta name=\"twitter:data1\" content=\"2 minutos\" \/>\n<script type=\"application\/ld+json\" class=\"yoast-schema-graph\">{\"@context\":\"https:\/\/schema.org\",\"@graph\":[{\"@type\":\"WebPage\",\"@id\":\"https:\/\/expotatuajemedellin.com\/index.php\/contacto\/\",\"url\":\"https:\/\/expotatuajemedellin.com\/index.php\/contacto\/\",\"name\":\"Contacto -\",\"isPartOf\":{\"@id\":\"https:\/\/expotatuajemedellin.com\/#website\"},\"primaryImageOfPage\":{\"@id\":\"https:\/\/expotatuajemedellin.com\/index.php\/contacto\/#primaryimage\"},\"image\":{\"@id\":\"https:\/\/expotatuajemedellin.com\/index.php\/contacto\/#primaryimage\"},\"thumbnailUrl\":\"https:\/\/expotatuajemedellin.com\/wp-content\/uploads\/2025\/01\/img-titulo-contacto.webp\",\"datePublished\":\"2024-02-14T16:01:48+00:00\",\"dateModified\":\"2025-05-05T16:55:04+00:00\",\"breadcrumb\":{\"@id\":\"https:\/\/expotatuajemedellin.com\/index.php\/contacto\/#breadcrumb\"},\"inLanguage\":\"es\",\"potentialAction\":[{\"@type\":\"ReadAction\",\"target\":[\"https:\/\/expotatuajemedellin.com\/index.php\/contacto\/\"]}]},{\"@type\":\"ImageObject\",\"inLanguage\":\"es\",\"@id\":\"https:\/\/expotatuajemedellin.com\/index.php\/contacto\/#primaryimage\",\"url\":\"https:\/\/expotatuajemedellin.com\/wp-content\/uploads\/2025\/01\/img-titulo-contacto.webp\",\"contentUrl\":\"https:\/\/expotatuajemedellin.com\/wp-content\/uploads\/2025\/01\/img-titulo-contacto.webp\",\"width\":639,\"height\":201},{\"@type\":\"BreadcrumbList\",\"@id\":\"https:\/\/expotatuajemedellin.com\/index.php\/contacto\/#breadcrumb\",\"itemListElement\":[{\"@type\":\"ListItem\",\"position\":1,\"name\":\"Portada\",\"item\":\"https:\/\/expotatuajemedellin.com\/\"},{\"@type\":\"ListItem\",\"position\":2,\"name\":\"Contacto\"}]},{\"@type\":\"WebSite\",\"@id\":\"https:\/\/expotatuajemedellin.com\/#website\",\"url\":\"https:\/\/expotatuajemedellin.com\/\",\"name\":\"\",\"description\":\"\",\"potentialAction\":[{\"@type\":\"SearchAction\",\"target\":{\"@type\":\"EntryPoint\",\"urlTemplate\":\"https:\/\/expotatuajemedellin.com\/?s={search_term_string}\"},\"query-input\":{\"@type\":\"PropertyValueSpecification\",\"valueRequired\":true,\"valueName\":\"search_term_string\"}}],\"inLanguage\":\"es\"}]}<\/script>\n<!-- \/ Yoast SEO plugin. -->","yoast_head_json":{"title":"Contacto -","robots":{"index":"index","follow":"follow","max-snippet":"max-snippet:-1","max-image-preview":"max-image-preview:large","max-video-preview":"max-video-preview:-1"},"canonical":"https:\/\/expotatuajemedellin.com\/index.php\/contacto\/","og_locale":"es_ES","og_type":"article","og_title":"Contacto -","og_description":"Por el a\u00f1o 2009 Luis Alejandro P\u00e1ez @AlejoSpiderman\u00a0director de\u00a0Spider Crew, la primer persona que organiz\u00f3 un evento de tatuajes en [&hellip;]","og_url":"https:\/\/expotatuajemedellin.com\/index.php\/contacto\/","article_modified_time":"2025-05-05T16:55:04+00:00","og_image":[{"width":639,"height":201,"url":"https:\/\/expotatuajemedellin.com\/wp-content\/uploads\/2025\/01\/img-titulo-contacto.webp","type":"image\/webp"}],"twitter_card":"summary_large_image","twitter_misc":{"Tiempo de lectura":"2 minutos"},"schema":{"@context":"https:\/\/schema.org","@graph":[{"@type":"WebPage","@id":"https:\/\/expotatuajemedellin.com\/index.php\/contacto\/","url":"https:\/\/expotatuajemedellin.com\/index.php\/contacto\/","name":"Contacto -","isPartOf":{"@id":"https:\/\/expotatuajemedellin.com\/#website"},"primaryImageOfPage":{"@id":"https:\/\/expotatuajemedellin.com\/index.php\/contacto\/#primaryimage"},"image":{"@id":"https:\/\/expotatuajemedellin.com\/index.php\/contacto\/#primaryimage"},"thumbnailUrl":"https:\/\/expotatuajemedellin.com\/wp-content\/uploads\/2025\/01\/img-titulo-contacto.webp","datePublished":"2024-02-14T16:01:48+00:00","dateModified":"2025-05-05T16:55:04+00:00","breadcrumb":{"@id":"https:\/\/expotatuajemedellin.com\/index.php\/contacto\/#breadcrumb"},"inLanguage":"es","potentialAction":[{"@type":"ReadAction","target":["https:\/\/expotatuajemedellin.com\/index.php\/contacto\/"]}]},{"@type":"ImageObject","inLanguage":"es","@id":"https:\/\/expotatuajemedellin.com\/index.php\/contacto\/#primaryimage","url":"https:\/\/expotatuajemedellin.com\/wp-content\/uploads\/2025\/01\/img-titulo-contacto.webp","contentUrl":"https:\/\/expotatuajemedellin.com\/wp-content\/uploads\/2025\/01\/img-titulo-contacto.webp","width":639,"height":201},{"@type":"BreadcrumbList","@id":"https:\/\/expotatuajemedellin.com\/index.php\/contacto\/#breadcrumb","itemListElement":[{"@type":"ListItem","position":1,"name":"Portada","item":"https:\/\/expotatuajemedellin.com\/"},{"@type":"ListItem","position":2,"name":"Contacto"}]},{"@type":"WebSite","@id":"https:\/\/expotatuajemedellin.com\/#website","url":"https:\/\/expotatuajemedellin.com\/","name":"","description":"","potentialAction":[{"@type":"SearchAction","target":{"@type":"EntryPoint","urlTemplate":"https:\/\/expotatuajemedellin.com\/?s={search_term_string}"},"query-input":{"@type":"PropertyValueSpecification","valueRequired":true,"valueName":"search_term_string"}}],"inLanguage":"es"}]}},"_links":{"self":[{"href":"https:\/\/expotatuajemedellin.com\/index.php\/wp-json\/wp\/v2\/pages\/81","targetHints":{"allow":["GET"]}}],"collection":[{"href":"https:\/\/expotatuajemedellin.com\/index.php\/wp-json\/wp\/v2\/pages"}],"about":[{"href":"https:\/\/expotatuajemedellin.com\/index.php\/wp-json\/wp\/v2\/types\/page"}],"author":[{"embeddable":true,"href":"https:\/\/expotatuajemedellin.com\/index.php\/wp-json\/wp\/v2\/users\/1"}],"replies":[{"embeddable":true,"href":"https:\/\/expotatuajemedellin.com\/index.php\/wp-json\/wp\/v2\/comments?post=81"}],"version-history":[{"count":136,"href":"https:\/\/expotatuajemedellin.com\/index.php\/wp-json\/wp\/v2\/pages\/81\/revisions"}],"predecessor-version":[{"id":3980,"href":"https:\/\/expotatuajemedellin.com\/index.php\/wp-json\/wp\/v2\/pages\/81\/revisions\/3980"}],"wp:attachment":[{"href":"https:\/\/expotatuajemedellin.com\/index.php\/wp-json\/wp\/v2\/media?parent=81"}],"curies":[{"name":"wp","href":"https:\/\/api.w.org\/{rel}","templated":true}]}}